{"id":41,"date":"2017-07-04T10:28:08","date_gmt":"2017-07-04T08:28:08","guid":{"rendered":"http:\/\/clinicalegale.unibs.it\/?page_id=41"},"modified":"2017-07-11T21:18:35","modified_gmt":"2017-07-11T19:18:35","slug":"progetto-per-lintroduzione-delle-cliniche-legali-nelle-facolta-di-giurisprudenza-italiane","status":"publish","type":"page","link":"https:\/\/clinicalegale.unibs.it\/index.php\/progetto-per-lintroduzione-delle-cliniche-legali-nelle-facolta-di-giurisprudenza-italiane\/","title":{"rendered":"Progetto per l&#8217;introduzione delle Cliniche legali nelle Facolt\u00e0 di Giurisprudenza italiane"},"content":{"rendered":"<p><img loading=\"lazy\" decoding=\"async\" class=\"alignnone wp-image-82\" src=\"http:\/\/clinicalegale.unibs.it\/wp-content\/uploads\/2017\/07\/immaginedocenti-300x74.png\" alt=\"\" width=\"643\" height=\"159\" srcset=\"https:\/\/clinicalegale.unibs.it\/wp-content\/uploads\/2017\/07\/immaginedocenti-300x74.png 300w, https:\/\/clinicalegale.unibs.it\/wp-content\/uploads\/2017\/07\/immaginedocenti.png 500w\" sizes=\"auto, (max-width: 643px) 100vw, 643px\" \/><\/p>\n<p>Nelle <strong>Cliniche legali<\/strong> si impara il diritto attraverso l\u2019esperienza diretta, <strong>trattando cause reali<\/strong>, avendo a che fare con persone reali e partecipando alla loro difesa e assistenza in giudizio, sotto la supervisione di docenti del Dipartimento di Giurisprudenza e di avvocati.<\/p>\n<p>Oltre agli obiettivi legati alla formazione e alla metodologia didattica, le cliniche \u00a0mirano a far osservare i problemi legati all&#8217;applicazione della legge dalla prospettiva della difesa dei diritti e della giustizia; a mostrare che il diritto pu\u00f2 essere studiato e applicato non solo nella sua dimensione tecnica, ma anche nella sua dimensione sociale; a riflettere sulle questioni legali, etiche e sociali sollevate dai casi.<\/p>\n<p>L\u2019attivit\u00e0 delle Cliniche \u00e8 svolta a favore di persone, organizzazioni, comunit\u00e0 locali che incontrano ostacoli nell\u2019accesso alla giustizia, che hanno necessit\u00e0 di assistenza qualificata ma non possono sopportarne i costi, in ambiti di grande rilevanza sociale quali: la tutela dei diritti fondamentali, la casa, l\u2019educazione, l\u2019ambiente, il lavoro, l\u2019immigrazione, le situazioni di disagio e bisogno sociale. L\u2019assistenza legale fornita \u00e8 totalmente gratuita.<\/p>\n<p>&nbsp;<\/p>\n<p><strong><em>In questa sezione \u00e8 possibile trovare il progetto per l&#8217;introduzione delle Cliniche Legali nelle universit\u00e0 italiane e due guide di presentazione della Clinica di Brescia in inglese.<\/em><\/strong><\/p>\n<p><strong><em>Attached you can find two booklets illustrating the activities of the Brescia Legal Clinic<\/em><\/strong><\/p>\n<!-- WP Attachments -->\r\n        <div style=\"width:100%;margin:10px 0 10px 0;\">\r\n            <h3>Allegati<\/h3>\r\n        <ul class=\"post-attachments\"><li class=\"post-attachment mime-application-pdf\"><a href=\"https:\/\/clinicalegale.unibs.it\/wp-content\/uploads\/2017\/07\/Brescia_Legal_Clinic_2013Booklet-doc-final_7May2013.pdf\">Brescia_Legal_Clinic_2013Booklet - doc final_7May2013<\/a> <small>(117 kB)<\/small><\/li><li class=\"post-attachment mime-application-pdf\"><a href=\"https:\/\/clinicalegale.unibs.it\/wp-content\/uploads\/2017\/07\/GUIDA-21X21-english.pdf\">GUIDA 21X21 english<\/a> <small>(4 MB)<\/small><\/li><li class=\"post-attachment mime-application-pdf\"><a href=\"https:\/\/clinicalegale.unibs.it\/wp-content\/uploads\/2017\/07\/Progetto-Clinica-Legale-Febbraio2012.pdf\">Progetto Clinica Legale - Febbraio2012<\/a> <small>(237 kB)<\/small><\/li><\/ul><\/div>","protected":false},"excerpt":{"rendered":"<p>Nelle Cliniche legali si impara il diritto attraverso l\u2019esperienza diretta, trattando cause reali, avendo a che fare con persone reali e partecipando alla loro difesa e assistenza in giudizio, sotto la supervisione di docenti del Dipartimento di Giurisprudenza e di&hellip; <\/p>\n","protected":false},"author":1,"featured_media":0,"parent":0,"menu_order":0,"comment_status":"closed","ping_status":"closed","template":"","meta":{"footnotes":""},"class_list":["post-41","page","type-page","status-publish","hentry"],"_links":{"self":[{"href":"https:\/\/clinicalegale.unibs.it\/index.php\/wp-json\/wp\/v2\/pages\/41","targetHints":{"allow":["GET"]}}],"collection":[{"href":"https:\/\/clinicalegale.unibs.it\/index.php\/wp-json\/wp\/v2\/pages"}],"about":[{"href":"https:\/\/clinicalegale.unibs.it\/index.php\/wp-json\/wp\/v2\/types\/page"}],"author":[{"embeddable":true,"href":"https:\/\/clinicalegale.unibs.it\/index.php\/wp-json\/wp\/v2\/users\/1"}],"replies":[{"embeddable":true,"href":"https:\/\/clinicalegale.unibs.it\/index.php\/wp-json\/wp\/v2\/comments?post=41"}],"version-history":[{"count":6,"href":"https:\/\/clinicalegale.unibs.it\/index.php\/wp-json\/wp\/v2\/pages\/41\/revisions"}],"predecessor-version":[{"id":207,"href":"https:\/\/clinicalegale.unibs.it\/index.php\/wp-json\/wp\/v2\/pages\/41\/revisions\/207"}],"wp:attachment":[{"href":"https:\/\/clinicalegale.unibs.it\/index.php\/wp-json\/wp\/v2\/media?parent=41"}],"curies":[{"name":"wp","href":"https:\/\/api.w.org\/{rel}","templated":true}]}}