{"id":180,"date":"2017-07-07T20:25:00","date_gmt":"2017-07-07T18:25:00","guid":{"rendered":"http:\/\/clinicalegale.unibs.it\/?page_id=180"},"modified":"2025-10-17T16:53:50","modified_gmt":"2025-10-17T14:53:50","slug":"clinica-del-lavoro","status":"publish","type":"page","link":"https:\/\/clinicalegale.unibs.it\/index.php\/clinica-del-lavoro\/","title":{"rendered":"Clinica del Lavoro"},"content":{"rendered":"<p><strong><img loading=\"lazy\" decoding=\"async\" class=\"alignnone wp-image-91\" src=\"http:\/\/clinicalegale.unibs.it\/wp-content\/uploads\/2017\/07\/nuove-facce-maggio-5-300x74.jpg\" alt=\"\" width=\"734\" height=\"181\" srcset=\"https:\/\/clinicalegale.unibs.it\/wp-content\/uploads\/2017\/07\/nuove-facce-maggio-5-300x74.jpg 300w, https:\/\/clinicalegale.unibs.it\/wp-content\/uploads\/2017\/07\/nuove-facce-maggio-5.jpg 498w\" sizes=\"auto, (max-width: 734px) 100vw, 734px\" \/><\/strong><\/p>\n<p><strong>CARATTERISTICHE E ATTIVIT\u00c0 SVOLTE <\/strong><\/p>\n<p>Le attivit\u00e0 svolte nel Corso di Clinica del Lavoro coincidono con quelle tipicamente svolte dai consulenti del lavoro e dai giuristi d\u2019impresa.<\/p>\n<p>L\u2019attivit\u00e0 di consulenza e assistenza offerta dalla Clinica \u00e8 orientata a una gestione cooperativa del rapporto di lavoro; sono valorizzate, nell\u2019ambito delle attivit\u00e0 svolte dalla clinica, le dimensioni della consulenza, della negoziazione e della mediazione, come momenti di ricerca di soluzioni condivise, nonch\u00e9 il sostegno a forme di imprenditorialit\u00e0 improntate a responsabilit\u00e0 sociale.<\/p>\n<p>Un ruolo importante, nel percorso formativo, \u00e8 giocato dai professionisti che svolgono\u00a0 attivit\u00e0 di consulente del lavoro e di giurista d\u2019impresa e che affiancano i docenti del corso di laurea nella supervisione dell\u2019attivit\u00e0 svolta dagli studenti.<\/p>\n<p>L\u2019Ordine e l\u2019Associazione dei Consulenti del lavoro sono coinvolti sia nella definizione della metodologia d\u2019insegnamento pratico e dei percorsi formativi volti a trasmettere abilit\u00e0 di base e di tipo trasversale, sia nei rapporti da intrattenere con il territorio e con le imprese e istituzioni economiche che vi operano.<strong>\u00a0<\/strong><\/p>\n<p>Durante il corso gli studenti svolgono attivit\u00e0 di consulenza in un caso reale, sotto la supervisione di un docente e di un consulente del lavoro. Queste sono alcune delle attivit\u00e0 che possono essere svolte nell\u2019ambito della Clinica del Lavoro:<\/p>\n<ul>\n<li>amministrazione dei rapporti di lavoro (es. rapporti con enti previdenziali, etc.);<\/li>\n<li>consulenza nella stesura di contratti;<\/li>\n<li>consulenza fiscale;<\/li>\n<li>assistenza\/consulenza durante sessioni di contrattazione collettiva<\/li>\n<li>certificazione<\/li>\n<li>gestione di crisi aziendali<\/li>\n<li>mediazione e conciliazione delle vertenze individuali e collettive;<\/li>\n<li>sostegno a soggetti svantaggiati nella ricerca di lavoro;<\/li>\n<li>supporto nella predisposizione di <em style=\"font-size: 14px;\">business-plan<\/em><span style=\"font-size: 14px;\">, richieste di finanziamento e di accesso a fondi <\/span><span style=\"font-size: 14px;\">nazionali o europei;<\/span><\/li>\n<li>supporto a start up;<\/li>\n<\/ul>\n<p>Negli ultimi anni, inoltre, \u00e8 stato avviato un Progetto dedicato al Carcere, sempre nella prospettiva lavoristica, in collaborazione con Cgil Brescia e Camera Penale di Brescia. Le attivit\u00e0 sono finalizzate all\u2019alfabetizzazione giuridica, al supporto qualificato nell\u2019esercizio di diritti connessi al lavoro e alla previdenza sociale e a un proficuo reinserimento nella societ\u00e0.<\/p>\n<p><strong>FRUITORI DELLA CLINICA LAVORO<\/strong><\/p>\n<p>La tipologia di fruitori dei servizi offerti dai consulenti del lavoro e dai giuristi d\u2019impresa all\u2019interno di una Clinica del lavoro possono essere:<\/p>\n<ul>\n<li>soggetti, come piccoli imprenditori, giovani, donne, detenuti ed <em>ex<\/em> detenuti e quanti vogliano entrare p rientrare nel mercato del lavoro intraprendendo un\u2019attivit\u00e0 economica autonoma o in forma d\u2019impresa.<\/li>\n<li>organizzazioni no-profit, cooperative sociali, imprenditori impegnati in progetti di utilit\u00e0 sociale o di\u00a0 responsabilit\u00e0 sociale d\u2019impresa; comunit\u00e0 locali.<\/li>\n<\/ul>\n<p><strong>CREDITI E ACCESSO AL CORSO <\/strong><\/p>\n<p>Il corso opzionale di <strong>Clinica del lavoro<\/strong> si tiene nel secondo semestre ed \u00e8 aperto agli studenti iscritti al 3\u00b0 anno del Corso di laurea triennale per Consulenti del lavoro e giuristi d\u2019impresa e agli studenti iscritti al 3\u00b0, 4\u00b0 e 5\u00b0 anno del Corso di laurea magistrale in Giurisprudenza.<\/p>\n<p>Per i corsi di Clinica legale I, Clinica legale II e Clinica del Lavoro<strong> non sono previste propedeuticit\u00e0.<\/strong><\/p>\n<p>Gli studenti di <strong>tutti i corsi di laurea<\/strong> possono scegliere come corsi opzionali sia i due insegnamenti di Clinica Legale sia quello di Clinica del Lavoro. \u00a0\u00c8 possibile tuttavia sostenere <strong>al massimo due<\/strong> insegnamenti a scelta tra Clinica legale I, Clinica legale II, e Clinica del lavoro.<\/p>\n<p><strong>TIROCINIO ANTICIPATO PER ACCEDERE ALLA PROFESSIONE DI CONSULENTE DEL LAVORO <\/strong>(https:\/\/www.unibs.it\/it\/tirocini-giurisprudenza-consulente-lavoro)<\/p>\n<p>Gli studenti iscritti 3\u00b0 anno del Corso di laurea triennale per Consulenti del lavoro e giuristi d\u2019impresa possono anche <strong>fare valere la frequenza al corso di Clinica del lavoro ai fini del praticantato pre-laurea<\/strong> per Consulente del lavoro. In questo caso, la frequenza alla Clinica del lavoro dar\u00e0 quindi diritto al riconoscimento sia dei crediti curriculari nell\u2019ambito del piano di studi individuale, sia di 6 dei 18 mesi previsti per il tirocinio professionale. Gli studenti che vorranno beneficiare di questa opportunit\u00e0 dovranno, una volta ammessi all&#8217;insegnamento di Clinica del lavoro e averlo inserito nel piano di studi, partecipare al bando autunnale che tutti gli anni verr\u00e0 indetto ai fini del tirocinio pre-laurea.<\/p>\n<p>&nbsp;<\/p>\n","protected":false},"excerpt":{"rendered":"<p>CARATTERISTICHE E ATTIVIT\u00c0 SVOLTE Le attivit\u00e0 svolte nel Corso di Clinica del Lavoro coincidono con quelle tipicamente svolte dai consulenti del lavoro e dai giuristi d\u2019impresa. L\u2019attivit\u00e0 di consulenza e assistenza offerta dalla Clinica \u00e8 orientata a una gestione cooperativa&hellip; <\/p>\n","protected":false},"author":2,"featured_media":0,"parent":0,"menu_order":0,"comment_status":"closed","ping_status":"closed","template":"","meta":{"footnotes":""},"class_list":["post-180","page","type-page","status-publish","hentry"],"_links":{"self":[{"href":"https:\/\/clinicalegale.unibs.it\/index.php\/wp-json\/wp\/v2\/pages\/180","targetHints":{"allow":["GET"]}}],"collection":[{"href":"https:\/\/clinicalegale.unibs.it\/index.php\/wp-json\/wp\/v2\/pages"}],"about":[{"href":"https:\/\/clinicalegale.unibs.it\/index.php\/wp-json\/wp\/v2\/types\/page"}],"author":[{"embeddable":true,"href":"https:\/\/clinicalegale.unibs.it\/index.php\/wp-json\/wp\/v2\/users\/2"}],"replies":[{"embeddable":true,"href":"https:\/\/clinicalegale.unibs.it\/index.php\/wp-json\/wp\/v2\/comments?post=180"}],"version-history":[{"count":5,"href":"https:\/\/clinicalegale.unibs.it\/index.php\/wp-json\/wp\/v2\/pages\/180\/revisions"}],"predecessor-version":[{"id":613,"href":"https:\/\/clinicalegale.unibs.it\/index.php\/wp-json\/wp\/v2\/pages\/180\/revisions\/613"}],"wp:attachment":[{"href":"https:\/\/clinicalegale.unibs.it\/index.php\/wp-json\/wp\/v2\/media?parent=180"}],"curies":[{"name":"wp","href":"https:\/\/api.w.org\/{rel}","templated":true}]}}